{"id":566,"date":"2025-06-25T11:42:10","date_gmt":"2025-06-25T09:42:10","guid":{"rendered":"https:\/\/yourcouchpati.michalchoma.pl\/?page_id=566"},"modified":"2025-07-02T14:47:33","modified_gmt":"2025-07-02T12:47:33","slug":"o-mnie","status":"publish","type":"page","link":"https:\/\/yourcouchpati.michalchoma.pl\/?page_id=566","title":{"rendered":"O mnie"},"content":{"rendered":"\t\t<div data-elementor-type=\"wp-page\" data-elementor-id=\"566\" class=\"elementor elementor-566\" data-elementor-post-type=\"page\">\n\t\t\t\t\t\t<section data-particle_enable=\"false\" data-particle-mobile-disabled=\"false\" class=\"elementor-section elementor-top-section elementor-element elementor-element-2767cc9 elementor-section-full_width elementor-section-stretched elementor-section-height-default elementor-section-height-default\" data-id=\"2767cc9\" data-element_type=\"section\" data-settings=\"{&quot;stretch_section&quot;:&quot;section-stretched&quot;,&quot;background_background&quot;:&quot;classic&quot;}\">\n\t\t\t\t\t\t\t<div class=\"elementor-background-overlay\"><\/div>\n\t\t\t\t\t\t\t<div class=\"elementor-container elementor-column-gap-default\">\n\t\t\t\t\t<div class=\"elementor-column elementor-col-100 elementor-top-column elementor-element elementor-element-b2573a8\" data-id=\"b2573a8\" data-element_type=\"column\">\n\t\t\t<div class=\"elementor-widget-wrap elementor-element-populated\">\n\t\t\t\t\t\t<div class=\"elementor-element elementor-element-669999e elementor-widget elementor-widget-heading\" data-id=\"669999e\" data-element_type=\"widget\" data-widget_type=\"heading.default\">\n\t\t\t\t<div class=\"elementor-widget-container\">\n\t\t\t\t\t<h4 class=\"elementor-heading-title elementor-size-default\">O MNIE<\/h4>\t\t\t\t<\/div>\n\t\t\t\t<\/div>\n\t\t\t\t<div class=\"elementor-element elementor-element-53e9b50 elementor-widget elementor-widget-heading\" data-id=\"53e9b50\" data-element_type=\"widget\" data-widget_type=\"heading.default\">\n\t\t\t\t<div class=\"elementor-widget-container\">\n\t\t\t\t\t<h4 class=\"elementor-heading-title elementor-size-default\">Poznaj mnie bli\u017cej<\/h4>\t\t\t\t<\/div>\n\t\t\t\t<\/div>\n\t\t\t\t<div class=\"elementor-element elementor-element-50d2c8c elementor-widget-divider--view-line elementor-widget elementor-widget-divider\" data-id=\"50d2c8c\" data-element_type=\"widget\" data-widget_type=\"divider.default\">\n\t\t\t\t<div class=\"elementor-widget-container\">\n\t\t\t\t\t\t\t<div class=\"elementor-divider\">\n\t\t\t<span class=\"elementor-divider-separator\">\n\t\t\t\t\t\t<\/span>\n\t\t<\/div>\n\t\t\t\t\t\t<\/div>\n\t\t\t\t<\/div>\n\t\t\t\t<div class=\"elementor-element elementor-element-718634e elementor-widget elementor-widget-text-editor\" data-id=\"718634e\" data-element_type=\"widget\" data-widget_type=\"text-editor.default\">\n\t\t\t\t<div class=\"elementor-widget-container\">\n\t\t\t\t\t\t\t\t\tZ pasj\u0105 robi\u0119 to, co kocham \u2013 zapraszam do poznania mojej historii.\t\t\t\t\t\t\t\t<\/div>\n\t\t\t\t<\/div>\n\t\t\t\t\t<\/div>\n\t\t<\/div>\n\t\t\t\t\t<\/div>\n\t\t<\/section>\n\t\t\t\t<section data-particle_enable=\"false\" data-particle-mobile-disabled=\"false\" class=\"elementor-section elementor-top-section elementor-element elementor-element-59ccddc elementor-section-stretched elementor-section-boxed elementor-section-height-default elementor-section-height-default\" data-id=\"59ccddc\" data-element_type=\"section\" data-settings=\"{&quot;stretch_section&quot;:&quot;section-stretched&quot;,&quot;background_background&quot;:&quot;classic&quot;}\">\n\t\t\t\t\t\t\t<div class=\"elementor-background-overlay\"><\/div>\n\t\t\t\t\t\t\t<div class=\"elementor-container elementor-column-gap-default\">\n\t\t\t\t\t<div class=\"elementor-column elementor-col-50 elementor-top-column elementor-element elementor-element-f0d6449\" data-id=\"f0d6449\" data-element_type=\"column\">\n\t\t\t<div class=\"elementor-widget-wrap elementor-element-populated\">\n\t\t\t\t\t\t<div class=\"elementor-element elementor-element-de2092e elementor-widget elementor-widget-heading\" data-id=\"de2092e\" data-element_type=\"widget\" data-widget_type=\"heading.default\">\n\t\t\t\t<div class=\"elementor-widget-container\">\n\t\t\t\t\t<h4 class=\"elementor-heading-title elementor-size-default\">Kilka s\u0142\u00f3w o mojej pracy\n<\/h4>\t\t\t\t<\/div>\n\t\t\t\t<\/div>\n\t\t\t\t<div class=\"elementor-element elementor-element-0db2504 elementor-widget elementor-widget-text-editor\" data-id=\"0db2504\" data-element_type=\"widget\" data-widget_type=\"text-editor.default\">\n\t\t\t\t<div class=\"elementor-widget-container\">\n\t\t\t\t\t\t\t\t\t<p>Hej! Tu Patrycja \u2013 trenerka personalna, kt\u00f3ra wierzy, \u017ce ka\u017cda kobieta zas\u0142uguje na to, by czu\u0107 si\u0119 silna, zdrowa i dobrze we w\u0142asnej sk\u00f3rze. Nie musisz by\u0107 fit-maniaczk\u0105 ani codziennie je\u015b\u0107 sa\u0142aty \u2013 wystarczy, \u017ce chcesz zrobi\u0107 co\u015b dobrego dla siebie.<\/p><p>Pomagam kobietom takim jak Ty \u2013 zabieganym, zapracowanym, czasem zm\u0119czonym codzienno\u015bci\u0105 \u2013 odzyska\u0107 energi\u0119, pewno\u015b\u0107 siebie i rado\u015b\u0107 z ruchu. Trening to nie kara, tylko prezent, kt\u00f3ry mo\u017cesz sobie da\u0107. Bez spiny, bez oceniania, za to z du\u017c\u0105 dawk\u0105 wsparcia, \u015bmiechu i dobrej muzyki.<\/p><p>Je\u015bli chcesz zacz\u0105\u0107, ale nie wiesz od czego, albo pr\u00f3bowa\u0142a\u015b ju\u017c milion razy i nic nie dzia\u0142a\u0142o \u2013 spokojnie, od tego w\u0142a\u015bnie jestem. Razem damy rad\u0119! \ud83d\udcaa<\/p>\t\t\t\t\t\t\t\t<\/div>\n\t\t\t\t<\/div>\n\t\t\t\t\t<\/div>\n\t\t<\/div>\n\t\t\t\t<div class=\"elementor-column elementor-col-50 elementor-top-column elementor-element elementor-element-e7e93fd\" data-id=\"e7e93fd\" data-element_type=\"column\">\n\t\t\t<div class=\"elementor-widget-wrap elementor-element-populated\">\n\t\t\t\t\t\t<div class=\"elementor-element elementor-element-cfaba25 elementor-widget__width-initial elementor-widget elementor-widget-image\" data-id=\"cfaba25\" data-element_type=\"widget\" data-widget_type=\"image.default\">\n\t\t\t\t<div class=\"elementor-widget-container\">\n\t\t\t\t\t\t\t\t\t\t\t\t\t\t\t<img fetchpriority=\"high\" decoding=\"async\" width=\"1384\" height=\"2080\" src=\"https:\/\/yourcouchpati.michalchoma.pl\/wp-content\/uploads\/2025\/06\/JaelynIsraelFinalPortraitsMirandaKeltonPhotography-14.jpg\" class=\"attachment-full size-full wp-image-272\" alt=\"\" srcset=\"https:\/\/yourcouchpati.michalchoma.pl\/wp-content\/uploads\/2025\/06\/JaelynIsraelFinalPortraitsMirandaKeltonPhotography-14.jpg 1384w, https:\/\/yourcouchpati.michalchoma.pl\/wp-content\/uploads\/2025\/06\/JaelynIsraelFinalPortraitsMirandaKeltonPhotography-14-200x300.jpg 200w, https:\/\/yourcouchpati.michalchoma.pl\/wp-content\/uploads\/2025\/06\/JaelynIsraelFinalPortraitsMirandaKeltonPhotography-14-681x1024.jpg 681w, https:\/\/yourcouchpati.michalchoma.pl\/wp-content\/uploads\/2025\/06\/JaelynIsraelFinalPortraitsMirandaKeltonPhotography-14-768x1154.jpg 768w, https:\/\/yourcouchpati.michalchoma.pl\/wp-content\/uploads\/2025\/06\/JaelynIsraelFinalPortraitsMirandaKeltonPhotography-14-1022x1536.jpg 1022w, https:\/\/yourcouchpati.michalchoma.pl\/wp-content\/uploads\/2025\/06\/JaelynIsraelFinalPortraitsMirandaKeltonPhotography-14-1363x2048.jpg 1363w\" sizes=\"(max-width: 1384px) 100vw, 1384px\" \/>\t\t\t\t\t\t\t\t\t\t\t\t\t\t\t<\/div>\n\t\t\t\t<\/div>\n\t\t\t\t\t<\/div>\n\t\t<\/div>\n\t\t\t\t\t<\/div>\n\t\t<\/section>\n\t\t\t\t<section data-particle_enable=\"false\" data-particle-mobile-disabled=\"false\" class=\"elementor-section elementor-top-section elementor-element elementor-element-cff1b9b elementor-section-stretched elementor-section-boxed elementor-section-height-default elementor-section-height-default\" data-id=\"cff1b9b\" data-element_type=\"section\" data-settings=\"{&quot;stretch_section&quot;:&quot;section-stretched&quot;,&quot;background_background&quot;:&quot;classic&quot;}\">\n\t\t\t\t\t\t\t<div class=\"elementor-background-overlay\"><\/div>\n\t\t\t\t\t\t\t<div class=\"elementor-container elementor-column-gap-default\">\n\t\t\t\t\t<div class=\"elementor-column elementor-col-50 elementor-top-column elementor-element elementor-element-e0eea6a\" data-id=\"e0eea6a\" data-element_type=\"column\">\n\t\t\t<div class=\"elementor-widget-wrap elementor-element-populated\">\n\t\t\t\t\t\t<div class=\"elementor-element elementor-element-5973351 elementor-widget__width-initial elementor-widget elementor-widget-image\" data-id=\"5973351\" data-element_type=\"widget\" data-widget_type=\"image.default\">\n\t\t\t\t<div class=\"elementor-widget-container\">\n\t\t\t\t\t\t\t\t\t\t\t\t\t\t\t<img fetchpriority=\"high\" decoding=\"async\" width=\"1384\" height=\"2080\" src=\"https:\/\/yourcouchpati.michalchoma.pl\/wp-content\/uploads\/2025\/06\/JaelynIsraelFinalPortraitsMirandaKeltonPhotography-14.jpg\" class=\"attachment-full size-full wp-image-272\" alt=\"\" srcset=\"https:\/\/yourcouchpati.michalchoma.pl\/wp-content\/uploads\/2025\/06\/JaelynIsraelFinalPortraitsMirandaKeltonPhotography-14.jpg 1384w, https:\/\/yourcouchpati.michalchoma.pl\/wp-content\/uploads\/2025\/06\/JaelynIsraelFinalPortraitsMirandaKeltonPhotography-14-200x300.jpg 200w, https:\/\/yourcouchpati.michalchoma.pl\/wp-content\/uploads\/2025\/06\/JaelynIsraelFinalPortraitsMirandaKeltonPhotography-14-681x1024.jpg 681w, https:\/\/yourcouchpati.michalchoma.pl\/wp-content\/uploads\/2025\/06\/JaelynIsraelFinalPortraitsMirandaKeltonPhotography-14-768x1154.jpg 768w, https:\/\/yourcouchpati.michalchoma.pl\/wp-content\/uploads\/2025\/06\/JaelynIsraelFinalPortraitsMirandaKeltonPhotography-14-1022x1536.jpg 1022w, https:\/\/yourcouchpati.michalchoma.pl\/wp-content\/uploads\/2025\/06\/JaelynIsraelFinalPortraitsMirandaKeltonPhotography-14-1363x2048.jpg 1363w\" sizes=\"(max-width: 1384px) 100vw, 1384px\" \/>\t\t\t\t\t\t\t\t\t\t\t\t\t\t\t<\/div>\n\t\t\t\t<\/div>\n\t\t\t\t\t<\/div>\n\t\t<\/div>\n\t\t\t\t<div class=\"elementor-column elementor-col-50 elementor-top-column elementor-element elementor-element-9d18755\" data-id=\"9d18755\" data-element_type=\"column\">\n\t\t\t<div class=\"elementor-widget-wrap elementor-element-populated\">\n\t\t\t\t\t\t<div class=\"elementor-element elementor-element-87ac5ba elementor-widget elementor-widget-heading\" data-id=\"87ac5ba\" data-element_type=\"widget\" data-widget_type=\"heading.default\">\n\t\t\t\t<div class=\"elementor-widget-container\">\n\t\t\t\t\t<h4 class=\"elementor-heading-title elementor-size-default\">Z \u017cycia na pe\u0142nych obrotach...<\/h4>\t\t\t\t<\/div>\n\t\t\t\t<\/div>\n\t\t\t\t<div class=\"elementor-element elementor-element-37e87a5 elementor-widget elementor-widget-text-editor\" data-id=\"37e87a5\" data-element_type=\"widget\" data-widget_type=\"text-editor.default\">\n\t\t\t\t<div class=\"elementor-widget-container\">\n\t\t\t\t\t\t\t\t\t<p>Moje \u017cycie to nieustanne balansowanie mi\u0119dzy domem, prac\u0105 i pasjami. Jestem \u017con\u0105, mam\u0105, trenerk\u0105 personaln\u0105, artystk\u0105 tatua\u017cu i piercingu, a do tego ogarniam dom niczym jednoosobowa ekipa ratunkowa (cho\u0107 czasem bardziej przypomina to akcj\u0119 survivalow\u0105 \ud83d\ude05).<\/p><p>Na szcz\u0119\u015bcie nie jestem w tym wszystkim sama. Mam u boku niesamowitego faceta \u2013 mojego m\u0119\u017ca, kt\u00f3ry nie tylko wspiera mnie w codziennych zadaniach, ale i przypomina, \u017ce warto czasem po prostu usi\u0105\u015b\u0107, z\u0142apa\u0107 oddech i zje\u015b\u0107 co\u015b ciep\u0142ego. Gdy ja biegn\u0119 na trening albo ko\u0144cz\u0119 projekt tatua\u017cu, on ogarnia dzieci, robi zakupy albo po prostu jest \u2013 i to <span style=\"text-decoration: underline;\"><em>jest<\/em><\/span> naprawd\u0119 wiele znaczy.<\/p><p>Dzie\u0144 zaczynam od \u201eMamo, gdzie s\u0105 moje spodnie?\u201d, a ko\u0144cz\u0119 na uk\u0142adaniu plan\u00f3w treningowych i przypominaniu sobie, \u017ce sama te\u017c potrzebuj\u0119 chwili wytchnienia. Pracuj\u0119 z kobietami, kt\u00f3re \u2013 tak jak ja \u2013 \u017cyj\u0105 szybko i intensywnie, ale mimo wszystko chc\u0105 zadba\u0107 o siebie, swoje cia\u0142o i g\u0142ow\u0119.<\/p><p>Uwielbiam ruch, ale jeszcze bardziej ceni\u0119 zdrowe podej\u015bcie do \u017cycia \u2013 bez spiny, bez por\u00f3wna\u0144, z du\u017c\u0105 dawk\u0105 luzu i \u015bmiechu. Kocham te\u017c tworzy\u0107 \u2013 rysowa\u0107, projektowa\u0107, robi\u0107 co\u015b swojego, a czasem po prostu pole\u017ce\u0107 z herbat\u0105 i udawa\u0107, \u017ce pranie si\u0119 samo zrobi.<\/p><p>Nie mam z\u0142otych rad ani idealnych plan\u00f3w. Mam za to do\u015bwiadczenie, serce do ludzi i codzienny domowy chaos, kt\u00f3ry \u2013 wbrew pozorom \u2013 daje mi si\u0142\u0119. A \u017ce mam u boku kogo\u015b, kto wspiera mnie na ka\u017cdym kroku? To najwi\u0119kszy skarb w tym ca\u0142ym szale\u0144stwie.<\/p>\t\t\t\t\t\t\t\t<\/div>\n\t\t\t\t<\/div>\n\t\t\t\t\t<\/div>\n\t\t<\/div>\n\t\t\t\t\t<\/div>\n\t\t<\/section>\n\t\t\t\t<section data-particle_enable=\"false\" data-particle-mobile-disabled=\"false\" class=\"elementor-section elementor-top-section elementor-element elementor-element-756bdcf elementor-section-stretched elementor-section-boxed elementor-section-height-default elementor-section-height-default\" data-id=\"756bdcf\" data-element_type=\"section\" data-settings=\"{&quot;stretch_section&quot;:&quot;section-stretched&quot;,&quot;background_background&quot;:&quot;classic&quot;}\">\n\t\t\t\t\t\t\t<div class=\"elementor-background-overlay\"><\/div>\n\t\t\t\t\t\t\t<div class=\"elementor-container elementor-column-gap-default\">\n\t\t\t\t\t<div class=\"elementor-column elementor-col-100 elementor-top-column elementor-element elementor-element-2fd3129\" data-id=\"2fd3129\" data-element_type=\"column\">\n\t\t\t<div class=\"elementor-widget-wrap elementor-element-populated\">\n\t\t\t\t\t\t<div class=\"elementor-element elementor-element-c22c333 elementor-widget__width-initial elementor-widget elementor-widget-heading\" data-id=\"c22c333\" data-element_type=\"widget\" data-widget_type=\"heading.default\">\n\t\t\t\t<div class=\"elementor-widget-container\">\n\t\t\t\t\t<h4 class=\"elementor-heading-title elementor-size-default\">Moje Certyfikaty!<\/h4>\t\t\t\t<\/div>\n\t\t\t\t<\/div>\n\t\t\t\t<div class=\"elementor-element elementor-element-ac86168 elementor-arrows-position-outside elementor-pagination-position-outside elementor-widget elementor-widget-image-carousel\" data-id=\"ac86168\" data-element_type=\"widget\" data-settings=\"{&quot;slides_to_show&quot;:&quot;3&quot;,&quot;slides_to_scroll&quot;:&quot;1&quot;,&quot;navigation&quot;:&quot;both&quot;,&quot;autoplay&quot;:&quot;yes&quot;,&quot;pause_on_hover&quot;:&quot;yes&quot;,&quot;pause_on_interaction&quot;:&quot;yes&quot;,&quot;autoplay_speed&quot;:5000,&quot;infinite&quot;:&quot;yes&quot;,&quot;speed&quot;:500,&quot;image_spacing_custom&quot;:{&quot;unit&quot;:&quot;px&quot;,&quot;size&quot;:20,&quot;sizes&quot;:[]},&quot;image_spacing_custom_tablet&quot;:{&quot;unit&quot;:&quot;px&quot;,&quot;size&quot;:&quot;&quot;,&quot;sizes&quot;:[]},&quot;image_spacing_custom_mobile&quot;:{&quot;unit&quot;:&quot;px&quot;,&quot;size&quot;:&quot;&quot;,&quot;sizes&quot;:[]}}\" data-widget_type=\"image-carousel.default\">\n\t\t\t\t<div class=\"elementor-widget-container\">\n\t\t\t\t\t\t\t<div class=\"elementor-image-carousel-wrapper swiper\" role=\"region\" aria-roledescription=\"carousel\" aria-label=\"Podopieczni\" dir=\"ltr\">\n\t\t\t<div class=\"elementor-image-carousel swiper-wrapper swiper-image-stretch\" aria-live=\"off\">\n\t\t\t\t\t\t\t\t<div class=\"swiper-slide\" role=\"group\" aria-roledescription=\"slide\" aria-label=\"1 z 6\"><figure class=\"swiper-slide-inner\"><img decoding=\"async\" class=\"swiper-slide-image\" src=\"https:\/\/yourcouchpati.michalchoma.pl\/wp-content\/uploads\/2025\/06\/IMG_8264.jpg\" alt=\"Screenshot\" \/><\/figure><\/div><div class=\"swiper-slide\" role=\"group\" aria-roledescription=\"slide\" aria-label=\"2 z 6\"><figure class=\"swiper-slide-inner\"><img decoding=\"async\" class=\"swiper-slide-image\" src=\"https:\/\/yourcouchpati.michalchoma.pl\/wp-content\/uploads\/2025\/06\/IMG_8265.jpg\" alt=\"Screenshot\" \/><\/figure><\/div><div class=\"swiper-slide\" role=\"group\" aria-roledescription=\"slide\" aria-label=\"3 z 6\"><figure class=\"swiper-slide-inner\"><img decoding=\"async\" class=\"swiper-slide-image\" src=\"https:\/\/yourcouchpati.michalchoma.pl\/wp-content\/uploads\/2025\/06\/IMG_8267.jpg\" alt=\"Screenshot\" \/><\/figure><\/div><div class=\"swiper-slide\" role=\"group\" aria-roledescription=\"slide\" aria-label=\"4 z 6\"><figure class=\"swiper-slide-inner\"><img decoding=\"async\" class=\"swiper-slide-image\" src=\"https:\/\/yourcouchpati.michalchoma.pl\/wp-content\/uploads\/2025\/06\/IMG_8269.jpg\" alt=\"Screenshot\" \/><\/figure><\/div><div class=\"swiper-slide\" role=\"group\" aria-roledescription=\"slide\" aria-label=\"5 z 6\"><figure class=\"swiper-slide-inner\"><img decoding=\"async\" class=\"swiper-slide-image\" src=\"https:\/\/yourcouchpati.michalchoma.pl\/wp-content\/uploads\/2025\/06\/IMG_8270.jpg\" alt=\"Screenshot\" \/><\/figure><\/div><div class=\"swiper-slide\" role=\"group\" aria-roledescription=\"slide\" aria-label=\"6 z 6\"><figure class=\"swiper-slide-inner\"><img decoding=\"async\" class=\"swiper-slide-image\" src=\"https:\/\/yourcouchpati.michalchoma.pl\/wp-content\/uploads\/2025\/06\/IMG_8268.jpg\" alt=\"Screenshot\" \/><\/figure><\/div>\t\t\t<\/div>\n\t\t\t\t\t\t\t\t\t\t\t\t<div class=\"elementor-swiper-button elementor-swiper-button-prev\" role=\"button\" tabindex=\"0\">\n\t\t\t\t\t\t<svg aria-hidden=\"true\" class=\"e-font-icon-svg e-eicon-chevron-left\" viewBox=\"0 0 1000 1000\" xmlns=\"http:\/\/www.w3.org\/2000\/svg\"><path d=\"M646 125C629 125 613 133 604 142L308 442C296 454 292 471 292 487 292 504 296 521 308 533L604 854C617 867 629 875 646 875 663 875 679 871 692 858 704 846 713 829 713 812 713 796 708 779 692 767L438 487 692 225C700 217 708 204 708 187 708 171 704 154 692 142 675 129 663 125 646 125Z\"><\/path><\/svg>\t\t\t\t\t<\/div>\n\t\t\t\t\t<div class=\"elementor-swiper-button elementor-swiper-button-next\" role=\"button\" tabindex=\"0\">\n\t\t\t\t\t\t<svg aria-hidden=\"true\" class=\"e-font-icon-svg e-eicon-chevron-right\" viewBox=\"0 0 1000 1000\" xmlns=\"http:\/\/www.w3.org\/2000\/svg\"><path d=\"M696 533C708 521 713 504 713 487 713 471 708 454 696 446L400 146C388 133 375 125 354 125 338 125 325 129 313 142 300 154 292 171 292 187 292 204 296 221 308 233L563 492 304 771C292 783 288 800 288 817 288 833 296 850 308 863 321 871 338 875 354 875 371 875 388 867 400 854L696 533Z\"><\/path><\/svg>\t\t\t\t\t<\/div>\n\t\t\t\t\n\t\t\t\t\t\t\t\t\t<div class=\"swiper-pagination\"><\/div>\n\t\t\t\t\t\t\t\t\t<\/div>\n\t\t\t\t\t\t<\/div>\n\t\t\t\t<\/div>\n\t\t\t\t\t<\/div>\n\t\t<\/div>\n\t\t\t\t\t<\/div>\n\t\t<\/section>\n\t\t\t\t<\/div>\n\t\t","protected":false},"excerpt":{"rendered":"<p>O MNIE Poznaj mnie bli\u017cej Z pasj\u0105 robi\u0119 to, co kocham \u2013 zapraszam do poznania mojej historii. Kilka s\u0142\u00f3w o [&hellip;]<\/p>\n","protected":false},"author":1,"featured_media":0,"parent":0,"menu_order":0,"comment_status":"closed","ping_status":"closed","template":"","meta":{"site-sidebar-layout":"no-sidebar","site-content-layout":"","ast-site-content-layout":"full-width-container","site-content-style":"default","site-sidebar-style":"default","ast-global-header-display":"","ast-banner-title-visibility":"","ast-main-header-display":"","ast-hfb-above-header-display":"","ast-hfb-below-header-display":"","ast-hfb-mobile-header-display":"","site-post-title":"disabled","ast-breadcrumbs-content":"","ast-featured-img":"disabled","footer-sml-layout":"","theme-transparent-header-meta":"","adv-header-id-meta":"","stick-header-meta":"","header-above-stick-meta":"","header-main-stick-meta":"","header-below-stick-meta":"","astra-migrate-meta-layouts":"default","ast-page-background-enabled":"default","ast-page-background-meta":{"desktop":{"background-color":"var(--ast-global-color-5)","background-image":"","background-repeat":"repeat","background-position":"center center","background-size":"auto","background-attachment":"scroll","background-type":"","background-media":"","overlay-type":"","overlay-color":"","overlay-opacity":"","overlay-gradient":""},"tablet":{"background-color":"","background-image":"","background-repeat":"repeat","background-position":"center center","background-size":"auto","background-attachment":"scroll","background-type":"","background-media":"","overlay-type":"","overlay-color":"","overlay-opacity":"","overlay-gradient":""},"mobile":{"background-color":"","background-image":"","background-repeat":"repeat","background-position":"center center","background-size":"auto","background-attachment":"scroll","background-type":"","background-media":"","overlay-type":"","overlay-color":"","overlay-opacity":"","overlay-gradient":""}},"ast-content-background-meta":{"desktop":{"background-color":"var(--ast-global-color-4)","background-image":"","background-repeat":"repeat","background-position":"center center","background-size":"auto","background-attachment":"scroll","background-type":"","background-media":"","overlay-type":"","overlay-color":"","overlay-opacity":"","overlay-gradient":""},"tablet":{"background-color":"var(--ast-global-color-4)","background-image":"","background-repeat":"repeat","background-position":"center center","background-size":"auto","background-attachment":"scroll","background-type":"","background-media":"","overlay-type":"","overlay-color":"","overlay-opacity":"","overlay-gradient":""},"mobile":{"background-color":"var(--ast-global-color-4)","background-image":"","background-repeat":"repeat","background-position":"center center","background-size":"auto","background-attachment":"scroll","background-type":"","background-media":"","overlay-type":"","overlay-color":"","overlay-opacity":"","overlay-gradient":""}},"footnotes":""},"class_list":["post-566","page","type-page","status-publish","hentry"],"_links":{"self":[{"href":"https:\/\/yourcouchpati.michalchoma.pl\/index.php?rest_route=\/wp\/v2\/pages\/566","targetHints":{"allow":["GET"]}}],"collection":[{"href":"https:\/\/yourcouchpati.michalchoma.pl\/index.php?rest_route=\/wp\/v2\/pages"}],"about":[{"href":"https:\/\/yourcouchpati.michalchoma.pl\/index.php?rest_route=\/wp\/v2\/types\/page"}],"author":[{"embeddable":true,"href":"https:\/\/yourcouchpati.michalchoma.pl\/index.php?rest_route=\/wp\/v2\/users\/1"}],"replies":[{"embeddable":true,"href":"https:\/\/yourcouchpati.michalchoma.pl\/index.php?rest_route=%2Fwp%2Fv2%2Fcomments&post=566"}],"version-history":[{"count":35,"href":"https:\/\/yourcouchpati.michalchoma.pl\/index.php?rest_route=\/wp\/v2\/pages\/566\/revisions"}],"predecessor-version":[{"id":774,"href":"https:\/\/yourcouchpati.michalchoma.pl\/index.php?rest_route=\/wp\/v2\/pages\/566\/revisions\/774"}],"wp:attachment":[{"href":"https:\/\/yourcouchpati.michalchoma.pl\/index.php?rest_route=%2Fwp%2Fv2%2Fmedia&parent=566"}],"curies":[{"name":"wp","href":"https:\/\/api.w.org\/{rel}","templated":true}]}}